{"id":2115,"date":"2025-10-19T21:48:18","date_gmt":"2025-10-20T02:48:18","guid":{"rendered":"https:\/\/andesrepublicroses.com\/?post_type=product&#038;p=2115"},"modified":"2025-10-28T11:26:24","modified_gmt":"2025-10-28T16:26:24","slug":"100-candy-x-pression","status":"publish","type":"product","link":"https:\/\/andesrepublicroses.com\/ru\/product\/100-candy-x-pression\/","title":{"rendered":"100 Candy X-pression"},"content":{"rendered":"<p>\u0420\u043e\u0437\u043e\u0432\u044b\u0439 \u0441 \u044f\u0440\u043a\u0438\u043c\u0438 \u043e\u0442\u0442\u0435\u043d\u043a\u0430\u043c\u0438, \u043e\u0441\u043e\u0431\u043e\u0439 \u043e\u0442\u043a\u0440\u044b\u0442\u043e\u0441\u0442\u044c\u044e \u0438 \u043a\u0440\u0443\u043f\u043d\u044b\u043c \u0440\u0430\u0437\u043c\u0435\u0440\u043e\u043c. \u0423\u043d\u0438\u043a\u0430\u043b\u044c\u043d\u044b\u0439 \u043a\u043e\u043d\u0442\u0440\u0430\u0441\u0442 \u0438 \u043e\u0447\u0430\u0440\u043e\u0432\u0430\u043d\u0438\u0435 \u0434\u0435\u043b\u0430\u044e\u0442 \u0435\u0433\u043e \u0444\u0430\u0432\u043e\u0440\u0438\u0442\u043e\u043c \u0434\u043b\u044f \u044f\u0440\u043a\u0438\u0445 \u0431\u0443\u043a\u0435\u0442\u043e\u0432 \u0438 \u0441\u043e\u0432\u0440\u0435\u043c\u0435\u043d\u043d\u044b\u0445 \u0434\u0438\u0437\u0430\u0439\u043d\u043e\u0432.<\/p>","protected":false},"excerpt":{"rendered":"<p>\u0420\u043e\u0437\u043e\u0432\u044b\u0439 \u0441 \u044f\u0440\u043a\u0438\u043c\u0438 \u043e\u0442\u0442\u0435\u043d\u043a\u0430\u043c\u0438, \u043e\u0441\u043e\u0431\u043e\u0439 \u043e\u0442\u043a\u0440\u044b\u0442\u043e\u0441\u0442\u044c\u044e \u0438 \u043a\u0440\u0443\u043f\u043d\u044b\u043c \u0440\u0430\u0437\u043c\u0435\u0440\u043e\u043c. \u0423\u043d\u0438\u043a\u0430\u043b\u044c\u043d\u044b\u0439 \u043a\u043e\u043d\u0442\u0440\u0430\u0441\u0442 \u0438 \u043e\u0447\u0430\u0440\u043e\u0432\u0430\u043d\u0438\u0435 \u0434\u0435\u043b\u0430\u044e\u0442 \u0435\u0433\u043e \u0444\u0430\u0432\u043e\u0440\u0438\u0442\u043e\u043c \u0434\u043b\u044f \u044f\u0440\u043a\u0438\u0445 \u0431\u0443\u043a\u0435\u0442\u043e\u0432 \u0438 \u0441\u043e\u0432\u0440\u0435\u043c\u0435\u043d\u043d\u044b\u0445 \u0434\u0438\u0437\u0430\u0439\u043d\u043e\u0432.<\/p>","protected":false},"featured_media":1843,"comment_status":"open","ping_status":"closed","template":"","meta":{"_uag_custom_page_level_css":"","site-sidebar-layout":"default","site-content-layout":"","ast-site-content-layout":"default","site-content-style":"default","site-sidebar-style":"default","ast-global-header-display":"","ast-banner-title-visibility":"","ast-main-header-display":"","ast-hfb-above-header-display":"","ast-hfb-below-header-display":"","ast-hfb-mobile-header-display":"","site-post-title":"","ast-breadcrumbs-content":"","ast-featured-img":"","footer-sml-layout":"","theme-transparent-header-meta":"default","adv-header-id-meta":"","stick-header-meta":"","header-above-stick-meta":"","header-main-stick-meta":"","header-below-stick-meta":"","astra-migrate-meta-layouts":"set","ast-page-background-enabled":"default","ast-page-background-meta":{"desktop":{"background-color":"var(--ast-global-color-4)","background-image":"","background-repeat":"repeat","background-position":"center center","background-size":"auto","background-attachment":"scroll","background-type":"","background-media":"","overlay-type":"","overlay-color":"","overlay-opacity":"","overlay-gradient":""},"tablet":{"background-color":"","background-image":"","background-repeat":"repeat","background-position":"center center","background-size":"auto","background-attachment":"scroll","background-type":"","background-media":"","overlay-type":"","overlay-color":"","overlay-opacity":"","overlay-gradient":""},"mobile":{"background-color":"","background-image":"","background-repeat":"repeat","background-position":"center center","background-size":"auto","background-attachment":"scroll","background-type":"","background-media":"","overlay-type":"","overlay-color":"","overlay-opacity":"","overlay-gradient":""}},"ast-content-background-meta":{"desktop":{"background-color":"var(--ast-global-color-5)","background-image":"","background-repeat":"repeat","background-position":"center center","background-size":"auto","background-attachment":"scroll","background-type":"","background-media":"","overlay-type":"","overlay-color":"","overlay-opacity":"","overlay-gradient":""},"tablet":{"background-color":"var(--ast-global-color-5)","background-image":"","background-repeat":"repeat","background-position":"center center","background-size":"auto","background-attachment":"scroll","background-type":"","background-media":"","overlay-type":"","overlay-color":"","overlay-opacity":"","overlay-gradient":""},"mobile":{"background-color":"var(--ast-global-color-5)","background-image":"","background-repeat":"repeat","background-position":"center center","background-size":"auto","background-attachment":"scroll","background-type":"","background-media":"","overlay-type":"","overlay-color":"","overlay-opacity":"","overlay-gradient":""}}},"product_brand":[],"product_cat":[48],"product_tag":[],"class_list":{"0":"post-2115","1":"product","2":"type-product","3":"status-publish","4":"has-post-thumbnail","6":"product_cat-color","7":"desktop-align-left","8":"tablet-align-left","9":"mobile-align-left","11":"first","12":"instock","13":"sale","14":"shipping-taxable","15":"purchasable","16":"product-type-variable"},"uagb_featured_image_src":{"full":["https:\/\/andesrepublicroses.com\/wp-content\/uploads\/2025\/10\/candy-xpression.png",407,334,false],"thumbnail":["https:\/\/andesrepublicroses.com\/wp-content\/uploads\/2025\/10\/candy-xpression-150x150.png",150,150,true],"medium":["https:\/\/andesrepublicroses.com\/wp-content\/uploads\/2025\/10\/candy-xpression-300x246.png",300,246,true],"medium_large":["https:\/\/andesrepublicroses.com\/wp-content\/uploads\/2025\/10\/candy-xpression.png",407,334,false],"large":["https:\/\/andesrepublicroses.com\/wp-content\/uploads\/2025\/10\/candy-xpression.png",407,334,false],"1536x1536":["https:\/\/andesrepublicroses.com\/wp-content\/uploads\/2025\/10\/candy-xpression.png",407,334,false],"2048x2048":["https:\/\/andesrepublicroses.com\/wp-content\/uploads\/2025\/10\/candy-xpression.png",407,334,false],"trp-custom-language-flag":["https:\/\/andesrepublicroses.com\/wp-content\/uploads\/2025\/10\/candy-xpression-15x12.png",15,12,true],"woocommerce_thumbnail":["https:\/\/andesrepublicroses.com\/wp-content\/uploads\/2025\/10\/candy-xpression-300x300.png",300,300,true],"woocommerce_single":["https:\/\/andesrepublicroses.com\/wp-content\/uploads\/2025\/10\/candy-xpression.png",407,334,false],"woocommerce_gallery_thumbnail":["https:\/\/andesrepublicroses.com\/wp-content\/uploads\/2025\/10\/candy-xpression-100x100.png",100,100,true]},"uagb_author_info":{"display_name":"fernando.balarezo@live.com","author_link":"https:\/\/andesrepublicroses.com\/ru\/author\/"},"uagb_comment_info":0,"uagb_excerpt":"Rosa con tonos vibrantes, de apertura particular y gran tama\u00f1o. Su contraste \u00fanico y su encanto la hacen la favorita para destacar en ramos llamativos y dise\u00f1os modernos.","_links":{"self":[{"href":"https:\/\/andesrepublicroses.com\/ru\/wp-json\/wp\/v2\/product\/2115","targetHints":{"allow":["GET"]}}],"collection":[{"href":"https:\/\/andesrepublicroses.com\/ru\/wp-json\/wp\/v2\/product"}],"about":[{"href":"https:\/\/andesrepublicroses.com\/ru\/wp-json\/wp\/v2\/types\/product"}],"replies":[{"embeddable":true,"href":"https:\/\/andesrepublicroses.com\/ru\/wp-json\/wp\/v2\/comments?post=2115"}],"wp:featuredmedia":[{"embeddable":true,"href":"https:\/\/andesrepublicroses.com\/ru\/wp-json\/wp\/v2\/media\/1843"}],"wp:attachment":[{"href":"https:\/\/andesrepublicroses.com\/ru\/wp-json\/wp\/v2\/media?parent=2115"}],"wp:term":[{"taxonomy":"product_brand","embeddable":true,"href":"https:\/\/andesrepublicroses.com\/ru\/wp-json\/wp\/v2\/product_brand?post=2115"},{"taxonomy":"product_cat","embeddable":true,"href":"https:\/\/andesrepublicroses.com\/ru\/wp-json\/wp\/v2\/product_cat?post=2115"},{"taxonomy":"product_tag","embeddable":true,"href":"https:\/\/andesrepublicroses.com\/ru\/wp-json\/wp\/v2\/product_tag?post=2115"}],"curies":[{"name":"wp","href":"https:\/\/api.w.org\/{rel}","templated":true}]}}