{"id":1936,"date":"2025-10-19T17:25:29","date_gmt":"2025-10-19T22:25:29","guid":{"rendered":"https:\/\/andesrepublicroses.com\/?post_type=product&#038;p=1936"},"modified":"2025-10-28T11:36:06","modified_gmt":"2025-10-28T16:36:06","slug":"100-mondial","status":"publish","type":"product","link":"https:\/\/andesrepublicroses.com\/ru\/product\/100-mondial\/","title":{"rendered":"100 \u041c\u043e\u043d\u0434\u0438\u0430\u043b\u044c"},"content":{"rendered":"<p>\u041e\u0434\u0438\u043d \u0438\u0437 \u0441\u0430\u043c\u044b\u0445 \u0438\u0437\u0432\u0435\u0441\u0442\u043d\u044b\u0445 \u0441\u043e\u0440\u0442\u043e\u0432 \u0441 \u0431\u0435\u043b\u044b\u043c \u0446\u0432\u0435\u0442\u043e\u043c \u0441\u043b\u043e\u043d\u043e\u0432\u043e\u0439 \u043a\u043e\u0441\u0442\u0438. \u041a\u043b\u0430\u0441\u0441\u0438\u0447\u0435\u0441\u043a\u0430\u044f \u0444\u043e\u0440\u043c\u0430 \u0441 \u0443\u043f\u0440\u0443\u0433\u0438\u043c\u0438 \u043b\u0435\u043f\u0435\u0441\u0442\u043a\u0430\u043c\u0438 \u043f\u0435\u0440\u0435\u0434\u0430\u0435\u0442 \u0447\u0438\u0441\u0442\u043e\u0442\u0443 \u0438 \u044d\u043b\u0435\u0433\u0430\u043d\u0442\u043d\u043e\u0441\u0442\u044c. \u0418\u0434\u0435\u0430\u043b\u044c\u043d\u043e \u043f\u043e\u0434\u0445\u043e\u0434\u0438\u0442 \u0434\u043b\u044f \u0441\u0432\u0430\u0434\u0435\u0431 \u0438 \u0432\u044b\u0441\u043e\u043a\u043e\u043a\u043b\u0430\u0441\u0441\u043d\u044b\u0445 \u0430\u0440\u0430\u043d\u0436\u0438\u0440\u043e\u0432\u043e\u043a \u0431\u043b\u0430\u0433\u043e\u0434\u0430\u0440\u044f \u0441\u0432\u043e\u0435\u0439 \u0434\u043e\u043b\u0433\u043e\u0432\u0435\u0447\u043d\u043e\u0441\u0442\u0438 \u0438 \u043d\u0435\u0441\u0442\u0430\u0440\u0435\u044e\u0449\u0435\u0439 \u043a\u0440\u0430\u0441\u043e\u0442\u0435.<\/p>","protected":false},"excerpt":{"rendered":"<p>\u041e\u0434\u0438\u043d \u0438\u0437 \u0441\u0430\u043c\u044b\u0445 \u0438\u0437\u0432\u0435\u0441\u0442\u043d\u044b\u0445 \u0441\u043e\u0440\u0442\u043e\u0432 \u0441 \u0431\u0435\u043b\u044b\u043c \u0446\u0432\u0435\u0442\u043e\u043c \u0441\u043b\u043e\u043d\u043e\u0432\u043e\u0439 \u043a\u043e\u0441\u0442\u0438. \u041a\u043b\u0430\u0441\u0441\u0438\u0447\u0435\u0441\u043a\u0430\u044f \u0444\u043e\u0440\u043c\u0430 \u0441 \u0443\u043f\u0440\u0443\u0433\u0438\u043c\u0438 \u043b\u0435\u043f\u0435\u0441\u0442\u043a\u0430\u043c\u0438 \u043f\u0435\u0440\u0435\u0434\u0430\u0435\u0442 \u0447\u0438\u0441\u0442\u043e\u0442\u0443 \u0438 \u044d\u043b\u0435\u0433\u0430\u043d\u0442\u043d\u043e\u0441\u0442\u044c. \u0418\u0434\u0435\u0430\u043b\u044c\u043d\u043e \u043f\u043e\u0434\u0445\u043e\u0434\u0438\u0442 \u0434\u043b\u044f \u0441\u0432\u0430\u0434\u0435\u0431 \u0438 \u0432\u044b\u0441\u043e\u043a\u043e\u043a\u043b\u0430\u0441\u0441\u043d\u044b\u0445 \u0430\u0440\u0430\u043d\u0436\u0438\u0440\u043e\u0432\u043e\u043a \u0431\u043b\u0430\u0433\u043e\u0434\u0430\u0440\u044f \u0441\u0432\u043e\u0435\u0439 \u0434\u043e\u043b\u0433\u043e\u0432\u0435\u0447\u043d\u043e\u0441\u0442\u0438 \u0438 \u043d\u0435\u0441\u0442\u0430\u0440\u0435\u044e\u0449\u0435\u0439 \u043a\u0440\u0430\u0441\u043e\u0442\u0435.<\/p>","protected":false},"featured_media":1868,"comment_status":"open","ping_status":"closed","template":"","meta":{"_uag_custom_page_level_css":"","site-sidebar-layout":"default","site-content-layout":"","ast-site-content-layout":"default","site-content-style":"default","site-sidebar-style":"default","ast-global-header-display":"","ast-banner-title-visibility":"","ast-main-header-display":"","ast-hfb-above-header-display":"","ast-hfb-below-header-display":"","ast-hfb-mobile-header-display":"","site-post-title":"","ast-breadcrumbs-content":"","ast-featured-img":"","footer-sml-layout":"","theme-transparent-header-meta":"default","adv-header-id-meta":"","stick-header-meta":"","header-above-stick-meta":"","header-main-stick-meta":"","header-below-stick-meta":"","astra-migrate-meta-layouts":"set","ast-page-background-enabled":"default","ast-page-background-meta":{"desktop":{"background-color":"var(--ast-global-color-4)","background-image":"","background-repeat":"repeat","background-position":"center center","background-size":"auto","background-attachment":"scroll","background-type":"","background-media":"","overlay-type":"","overlay-color":"","overlay-opacity":"","overlay-gradient":""},"tablet":{"background-color":"","background-image":"","background-repeat":"repeat","background-position":"center center","background-size":"auto","background-attachment":"scroll","background-type":"","background-media":"","overlay-type":"","overlay-color":"","overlay-opacity":"","overlay-gradient":""},"mobile":{"background-color":"","background-image":"","background-repeat":"repeat","background-position":"center center","background-size":"auto","background-attachment":"scroll","background-type":"","background-media":"","overlay-type":"","overlay-color":"","overlay-opacity":"","overlay-gradient":""}},"ast-content-background-meta":{"desktop":{"background-color":"var(--ast-global-color-5)","background-image":"","background-repeat":"repeat","background-position":"center center","background-size":"auto","background-attachment":"scroll","background-type":"","background-media":"","overlay-type":"","overlay-color":"","overlay-opacity":"","overlay-gradient":""},"tablet":{"background-color":"var(--ast-global-color-5)","background-image":"","background-repeat":"repeat","background-position":"center center","background-size":"auto","background-attachment":"scroll","background-type":"","background-media":"","overlay-type":"","overlay-color":"","overlay-opacity":"","overlay-gradient":""},"mobile":{"background-color":"var(--ast-global-color-5)","background-image":"","background-repeat":"repeat","background-position":"center center","background-size":"auto","background-attachment":"scroll","background-type":"","background-media":"","overlay-type":"","overlay-color":"","overlay-opacity":"","overlay-gradient":""}}},"product_brand":[],"product_cat":[46],"product_tag":[],"class_list":{"0":"post-1936","1":"product","2":"type-product","3":"status-publish","4":"has-post-thumbnail","6":"product_cat-blancas","7":"desktop-align-left","8":"tablet-align-left","9":"mobile-align-left","11":"first","12":"instock","13":"sale","14":"shipping-taxable","15":"purchasable","16":"product-type-variable"},"uagb_featured_image_src":{"full":["https:\/\/andesrepublicroses.com\/wp-content\/uploads\/2025\/10\/mondial.png",408,312,false],"thumbnail":["https:\/\/andesrepublicroses.com\/wp-content\/uploads\/2025\/10\/mondial-150x150.png",150,150,true],"medium":["https:\/\/andesrepublicroses.com\/wp-content\/uploads\/2025\/10\/mondial-300x229.png",300,229,true],"medium_large":["https:\/\/andesrepublicroses.com\/wp-content\/uploads\/2025\/10\/mondial.png",408,312,false],"large":["https:\/\/andesrepublicroses.com\/wp-content\/uploads\/2025\/10\/mondial.png",408,312,false],"1536x1536":["https:\/\/andesrepublicroses.com\/wp-content\/uploads\/2025\/10\/mondial.png",408,312,false],"2048x2048":["https:\/\/andesrepublicroses.com\/wp-content\/uploads\/2025\/10\/mondial.png",408,312,false],"trp-custom-language-flag":["https:\/\/andesrepublicroses.com\/wp-content\/uploads\/2025\/10\/mondial-16x12.png",16,12,true],"woocommerce_thumbnail":["https:\/\/andesrepublicroses.com\/wp-content\/uploads\/2025\/10\/mondial-300x300.png",300,300,true],"woocommerce_single":["https:\/\/andesrepublicroses.com\/wp-content\/uploads\/2025\/10\/mondial.png",408,312,false],"woocommerce_gallery_thumbnail":["https:\/\/andesrepublicroses.com\/wp-content\/uploads\/2025\/10\/mondial-100x100.png",100,100,true]},"uagb_author_info":{"display_name":"fernando.balarezo@live.com","author_link":"https:\/\/andesrepublicroses.com\/ru\/author\/"},"uagb_comment_info":0,"uagb_excerpt":"Una de las variedades m\u00e1s reconocidas de color blanco marfil. De forma cl\u00e1sica y p\u00e9talos firmes, transmite pureza y elegancia. Ideal para bodas y arreglos de alta categor\u00eda por su durabilidad y belleza atemporal.","_links":{"self":[{"href":"https:\/\/andesrepublicroses.com\/ru\/wp-json\/wp\/v2\/product\/1936","targetHints":{"allow":["GET"]}}],"collection":[{"href":"https:\/\/andesrepublicroses.com\/ru\/wp-json\/wp\/v2\/product"}],"about":[{"href":"https:\/\/andesrepublicroses.com\/ru\/wp-json\/wp\/v2\/types\/product"}],"replies":[{"embeddable":true,"href":"https:\/\/andesrepublicroses.com\/ru\/wp-json\/wp\/v2\/comments?post=1936"}],"wp:featuredmedia":[{"embeddable":true,"href":"https:\/\/andesrepublicroses.com\/ru\/wp-json\/wp\/v2\/media\/1868"}],"wp:attachment":[{"href":"https:\/\/andesrepublicroses.com\/ru\/wp-json\/wp\/v2\/media?parent=1936"}],"wp:term":[{"taxonomy":"product_brand","embeddable":true,"href":"https:\/\/andesrepublicroses.com\/ru\/wp-json\/wp\/v2\/product_brand?post=1936"},{"taxonomy":"product_cat","embeddable":true,"href":"https:\/\/andesrepublicroses.com\/ru\/wp-json\/wp\/v2\/product_cat?post=1936"},{"taxonomy":"product_tag","embeddable":true,"href":"https:\/\/andesrepublicroses.com\/ru\/wp-json\/wp\/v2\/product_tag?post=1936"}],"curies":[{"name":"wp","href":"https:\/\/api.w.org\/{rel}","templated":true}]}}