{"id":2179,"date":"2025-10-19T21:59:11","date_gmt":"2025-10-20T02:59:11","guid":{"rendered":"https:\/\/andesrepublicroses.com\/?post_type=product&#038;p=2179"},"modified":"2025-10-28T11:22:50","modified_gmt":"2025-10-28T16:22:50","slug":"100-explorer","status":"publish","type":"product","link":"https:\/\/andesrepublicroses.com\/es\/product\/100-explorer\/","title":{"rendered":"100 Explorer"},"content":{"rendered":"<p>La cl\u00e1sica rosa roja por excelencia: p\u00e9talos aterciopelados de un rojo profundo e intenso. Simboliza pasi\u00f3n y elegancia, con una forma perfecta y larga vida en florero. Ideal para ocasiones rom\u00e1nticas y eventos de lujo.<\/p>\n","protected":false},"excerpt":{"rendered":"<p>La cl\u00e1sica rosa roja por excelencia: p\u00e9talos aterciopelados de un rojo profundo e intenso. Simboliza pasi\u00f3n y elegancia, con una forma perfecta y larga vida en florero. Ideal para ocasiones rom\u00e1nticas y eventos de lujo.<\/p>\n","protected":false},"featured_media":1852,"comment_status":"open","ping_status":"closed","template":"","meta":{"_uag_custom_page_level_css":"","site-sidebar-layout":"default","site-content-layout":"","ast-site-content-layout":"default","site-content-style":"default","site-sidebar-style":"default","ast-global-header-display":"","ast-banner-title-visibility":"","ast-main-header-display":"","ast-hfb-above-header-display":"","ast-hfb-below-header-display":"","ast-hfb-mobile-header-display":"","site-post-title":"","ast-breadcrumbs-content":"","ast-featured-img":"","footer-sml-layout":"","theme-transparent-header-meta":"default","adv-header-id-meta":"","stick-header-meta":"","header-above-stick-meta":"","header-main-stick-meta":"","header-below-stick-meta":"","astra-migrate-meta-layouts":"set","ast-page-background-enabled":"default","ast-page-background-meta":{"desktop":{"background-color":"var(--ast-global-color-4)","background-image":"","background-repeat":"repeat","background-position":"center center","background-size":"auto","background-attachment":"scroll","background-type":"","background-media":"","overlay-type":"","overlay-color":"","overlay-opacity":"","overlay-gradient":""},"tablet":{"background-color":"","background-image":"","background-repeat":"repeat","background-position":"center center","background-size":"auto","background-attachment":"scroll","background-type":"","background-media":"","overlay-type":"","overlay-color":"","overlay-opacity":"","overlay-gradient":""},"mobile":{"background-color":"","background-image":"","background-repeat":"repeat","background-position":"center center","background-size":"auto","background-attachment":"scroll","background-type":"","background-media":"","overlay-type":"","overlay-color":"","overlay-opacity":"","overlay-gradient":""}},"ast-content-background-meta":{"desktop":{"background-color":"var(--ast-global-color-5)","background-image":"","background-repeat":"repeat","background-position":"center center","background-size":"auto","background-attachment":"scroll","background-type":"","background-media":"","overlay-type":"","overlay-color":"","overlay-opacity":"","overlay-gradient":""},"tablet":{"background-color":"var(--ast-global-color-5)","background-image":"","background-repeat":"repeat","background-position":"center center","background-size":"auto","background-attachment":"scroll","background-type":"","background-media":"","overlay-type":"","overlay-color":"","overlay-opacity":"","overlay-gradient":""},"mobile":{"background-color":"var(--ast-global-color-5)","background-image":"","background-repeat":"repeat","background-position":"center center","background-size":"auto","background-attachment":"scroll","background-type":"","background-media":"","overlay-type":"","overlay-color":"","overlay-opacity":"","overlay-gradient":""}}},"product_brand":[],"product_cat":[48],"product_tag":[],"class_list":{"0":"post-2179","1":"product","2":"type-product","3":"status-publish","4":"has-post-thumbnail","6":"product_cat-color","7":"desktop-align-left","8":"tablet-align-left","9":"mobile-align-left","11":"first","12":"instock","13":"sale","14":"shipping-taxable","15":"purchasable","16":"product-type-variable"},"uagb_featured_image_src":{"full":["https:\/\/andesrepublicroses.com\/wp-content\/uploads\/2025\/10\/explorer.png",418,328,false],"thumbnail":["https:\/\/andesrepublicroses.com\/wp-content\/uploads\/2025\/10\/explorer-150x150.png",150,150,true],"medium":["https:\/\/andesrepublicroses.com\/wp-content\/uploads\/2025\/10\/explorer-300x235.png",300,235,true],"medium_large":["https:\/\/andesrepublicroses.com\/wp-content\/uploads\/2025\/10\/explorer.png",418,328,false],"large":["https:\/\/andesrepublicroses.com\/wp-content\/uploads\/2025\/10\/explorer.png",418,328,false],"1536x1536":["https:\/\/andesrepublicroses.com\/wp-content\/uploads\/2025\/10\/explorer.png",418,328,false],"2048x2048":["https:\/\/andesrepublicroses.com\/wp-content\/uploads\/2025\/10\/explorer.png",418,328,false],"trp-custom-language-flag":["https:\/\/andesrepublicroses.com\/wp-content\/uploads\/2025\/10\/explorer-15x12.png",15,12,true],"woocommerce_thumbnail":["https:\/\/andesrepublicroses.com\/wp-content\/uploads\/2025\/10\/explorer-300x300.png",300,300,true],"woocommerce_single":["https:\/\/andesrepublicroses.com\/wp-content\/uploads\/2025\/10\/explorer.png",418,328,false],"woocommerce_gallery_thumbnail":["https:\/\/andesrepublicroses.com\/wp-content\/uploads\/2025\/10\/explorer-100x100.png",100,100,true]},"uagb_author_info":{"display_name":"fernando.balarezo@live.com","author_link":"https:\/\/andesrepublicroses.com\/es\/author\/"},"uagb_comment_info":0,"uagb_excerpt":"La cl\u00e1sica rosa roja por excelencia: p\u00e9talos aterciopelados de un rojo profundo e intenso. Simboliza pasi\u00f3n y elegancia, con una forma perfecta y larga vida en florero. Ideal para ocasiones rom\u00e1nticas y eventos de lujo.","_links":{"self":[{"href":"https:\/\/andesrepublicroses.com\/es\/wp-json\/wp\/v2\/product\/2179","targetHints":{"allow":["GET"]}}],"collection":[{"href":"https:\/\/andesrepublicroses.com\/es\/wp-json\/wp\/v2\/product"}],"about":[{"href":"https:\/\/andesrepublicroses.com\/es\/wp-json\/wp\/v2\/types\/product"}],"replies":[{"embeddable":true,"href":"https:\/\/andesrepublicroses.com\/es\/wp-json\/wp\/v2\/comments?post=2179"}],"wp:featuredmedia":[{"embeddable":true,"href":"https:\/\/andesrepublicroses.com\/es\/wp-json\/wp\/v2\/media\/1852"}],"wp:attachment":[{"href":"https:\/\/andesrepublicroses.com\/es\/wp-json\/wp\/v2\/media?parent=2179"}],"wp:term":[{"taxonomy":"product_brand","embeddable":true,"href":"https:\/\/andesrepublicroses.com\/es\/wp-json\/wp\/v2\/product_brand?post=2179"},{"taxonomy":"product_cat","embeddable":true,"href":"https:\/\/andesrepublicroses.com\/es\/wp-json\/wp\/v2\/product_cat?post=2179"},{"taxonomy":"product_tag","embeddable":true,"href":"https:\/\/andesrepublicroses.com\/es\/wp-json\/wp\/v2\/product_tag?post=2179"}],"curies":[{"name":"wp","href":"https:\/\/api.w.org\/{rel}","templated":true}]}}