{"id":872,"date":"2025-10-07T03:33:47","date_gmt":"2025-10-07T03:33:47","guid":{"rendered":"https:\/\/andesrepublicroses.com\/about\/"},"modified":"2025-11-07T22:05:09","modified_gmt":"2025-11-08T03:05:09","slug":"about","status":"publish","type":"page","link":"https:\/\/andesrepublicroses.com\/es\/about\/","title":{"rendered":"Nosotros"},"content":{"rendered":"\n<div class=\"wp-block-uagb-container uagb-block-804721b2 alignfull uagb-is-root-container\"><div class=\"uagb-container-inner-blocks-wrap\">\n<div class=\"wp-block-uagb-advanced-heading uagb-block-bffec58d\"><h6 class=\"uagb-heading-text\">ANDES REPUBLIC ROSES<\/h6><\/div>\n\n\n\n<div class=\"wp-block-uagb-advanced-heading uagb-block-ef54b27b\"><h1 class=\"uagb-heading-text\">\u00bfPorqu\u00e9 trabajar con nosotros?<\/h1><\/div>\n\n\n\n<p><mark style=\"background-color:rgba(0, 0, 0, 0)\" class=\"has-inline-color has-ast-global-color-5-color\">Como proveedor B2B, entendemos que su negocio necesita m\u00e1s que solo productos hermosos<\/mark><\/p>\n<\/div><\/div>\n\n\n\n<p style=\"margin-top:var(--wp--preset--spacing--60);margin-bottom:var(--wp--preset--spacing--60)\">Nuestra ubicaci\u00f3n a 2700 metros sobre el nivel del mar, junto con la luz solar constante de Ecuador, nos permite cultivar flores que destacan por su belleza y durabilidad. Con una profunda conexi\u00f3n con la tierra, cada flor que producimos es un testimonio de nuestro respeto por el medio ambiente y nuestro compromiso con la excelencia.<\/p>\n\n\n\n<div class=\"wp-block-uagb-container uagb-block-5effbb3a alignfull uagb-is-root-container\"><div class=\"uagb-container-inner-blocks-wrap\">\n<div class=\"wp-block-uagb-container uag-blocks-common-selector uagb-block-a8eadfe7\">\n<div class=\"wp-block-uagb-advanced-heading uagb-block-9364de19\"><h2 class=\"uagb-heading-text\">Cultivamos nuestras flores en un entorno privilegiado, donde la altitud y la luz solar constante realzan su belleza y durabilidad.<\/h2><\/div>\n<\/div>\n\n\n\n<div class=\"wp-block-uagb-container uagb-block-f7ddc778\">\n<div class=\"wp-block-uagb-advanced-heading uagb-block-78dffe65\"><h4 class=\"uagb-heading-text\">Cada rosa que producimos es una obra de arte natural, fruto de una dedicaci\u00f3n inquebrantable a la sostenibilidad y al desarrollo social.<\/h4><\/div>\n\n\n\n<div class=\"wp-block-uagb-advanced-heading uagb-block-73bed06d\"><p class=\"uagb-heading-text\"><br>Nuestra marca representa la elegancia, la pureza y el equilibrio que solo los Andes ecuatorianos pueden ofrecer. Cada rosa que cultivamos es un reflejo de nuestra pasi\u00f3n por la tierra, nuestro compromiso con la calidad superior y nuestra responsabilidad hacia las comunidades locales. <\/p><\/div>\n\n\n\n<p><\/p>\n\n\n\n<p>Andes Republic es sin\u00f3nimo de autenticidad, donde la innovaci\u00f3n y el respeto por el medio ambiente se combinan para crear una marca que trasciende fronteras y conecta a las personas con la belleza pura de la naturaleza.<\/p>\n<\/div>\n<\/div><\/div>\n\n\n\n<h2 class=\"wp-block-heading has-text-align-center\" id=\"ventajas\">Ventajas<\/h2>\n\n\n\n<div class=\"wp-block-uagb-container uagb-block-167c86f5 alignfull uagb-is-root-container\"><div class=\"uagb-container-inner-blocks-wrap\">\n<div class=\"wp-block-uagb-container uagb-block-e3b0a760\">\n<div class=\"wp-block-uagb-advanced-heading uagb-block-5f30cd1f\"><h6 class=\"uagb-heading-text\">Porqu\u00e9 trabjar con nosotros<\/h6><div class=\"uagb-separator\"><\/div><\/div>\n<\/div>\n\n\n\n<div class=\"wp-block-uagb-container uagb-block-cb62ca09\">\n<div class=\"wp-block-uagb-info-box uagb-block-5ace387d uagb-infobox__content-wrap  uagb-infobox-icon-above-title uagb-infobox-image-valign-top\"><div class=\"uagb-ifb-content\"><div class=\"uagb-ifb-icon-wrap\"><div class=\"uagb-iconbox-icon-wrap uagb-infobox-shape-circle\"><svg xmlns=\"https:\/\/www.w3.org\/2000\/svg\" viewBox=\"0 0 576 512\"><path d=\"M384 160C366.3 160 352 145.7 352 128C352 110.3 366.3 96 384 96H544C561.7 96 576 110.3 576 128V288C576 305.7 561.7 320 544 320C526.3 320 512 305.7 512 288V205.3L342.6 374.6C330.1 387.1 309.9 387.1 297.4 374.6L191.1 269.3L54.63 406.6C42.13 419.1 21.87 419.1 9.372 406.6C-3.124 394.1-3.124 373.9 9.372 361.4L169.4 201.4C181.9 188.9 202.1 188.9 214.6 201.4L320 306.7L466.7 159.1L384 160z\"><\/path><\/svg><\/div><\/div><div class=\"uagb-ifb-separator\"><\/div><div class=\"uagb-ifb-title-wrap\"><h4 class=\"uagb-ifb-title\">Calidad Garantizada<\/h4><\/div><p class=\"uagb-ifb-desc\">Control de calidad en cada etapa del proceso, desde el cultivo<br>hasta la entrega<\/p><\/div><\/div>\n<\/div>\n\n\n\n<div class=\"wp-block-uagb-container uagb-block-c771c4f0\">\n<div class=\"wp-block-uagb-info-box uagb-block-6b923768 uagb-infobox__content-wrap  uagb-infobox-icon-above-title uagb-infobox-image-valign-top\"><div class=\"uagb-ifb-content\"><div class=\"uagb-ifb-icon-wrap\"><div class=\"uagb-iconbox-icon-wrap uagb-infobox-shape-circle\"><svg xmlns=\"https:\/\/www.w3.org\/2000\/svg\" viewBox=\"0 0 640 512\"><path d=\"M368 0C394.5 0 416 21.49 416 48V96H466.7C483.7 96 499.1 102.7 512 114.7L589.3 192C601.3 204 608 220.3 608 237.3V352C625.7 352 640 366.3 640 384C640 401.7 625.7 416 608 416H576C576 469 533 512 480 512C426.1 512 384 469 384 416H256C256 469 213 512 160 512C106.1 512 64 469 64 416H48C21.49 416 0 394.5 0 368V48C0 21.49 21.49 0 48 0H368zM416 160V256H544V237.3L466.7 160H416zM160 368C133.5 368 112 389.5 112 416C112 442.5 133.5 464 160 464C186.5 464 208 442.5 208 416C208 389.5 186.5 368 160 368zM480 464C506.5 464 528 442.5 528 416C528 389.5 506.5 368 480 368C453.5 368 432 389.5 432 416C432 442.5 453.5 464 480 464z\"><\/path><\/svg><\/div><\/div><div class=\"uagb-ifb-separator\"><\/div><div class=\"uagb-ifb-title-wrap\"><h4 class=\"uagb-ifb-title\">Cadena de Fr\u00edo<\/h4><\/div><p class=\"uagb-ifb-desc\">Refrigeraci\u00f3n que mantiene la frescura <br>durante todo el transporte y almacenamiento. de las rosas.<\/p><\/div><\/div>\n<\/div>\n\n\n\n<div class=\"wp-block-uagb-container uagb-block-7cf11c69\">\n<div class=\"wp-block-uagb-info-box uagb-block-5fd93f7d uagb-infobox__content-wrap  uagb-infobox-icon-above-title uagb-infobox-image-valign-top\"><div class=\"uagb-ifb-content\"><div class=\"uagb-ifb-icon-wrap\"><div class=\"uagb-iconbox-icon-wrap uagb-infobox-shape-circle\"><svg xmlns=\"https:\/\/www.w3.org\/2000\/svg\" viewBox=\"0 0 576 512\"><path d=\"M171.7 191.1H404.3L322.7 35.07C316.6 23.31 321.2 8.821 332.9 2.706C344.7-3.409 359.2 1.167 365.3 12.93L458.4 191.1H544C561.7 191.1 576 206.3 576 223.1C576 241.7 561.7 255.1 544 255.1L492.1 463.5C484.1 492 459.4 512 430 512H145.1C116.6 512 91 492 83.88 463.5L32 255.1C14.33 255.1 0 241.7 0 223.1C0 206.3 14.33 191.1 32 191.1H117.6L210.7 12.93C216.8 1.167 231.3-3.409 243.1 2.706C254.8 8.821 259.4 23.31 253.3 35.07L171.7 191.1zM191.1 303.1C191.1 295.1 184.8 287.1 175.1 287.1C167.2 287.1 159.1 295.1 159.1 303.1V399.1C159.1 408.8 167.2 415.1 175.1 415.1C184.8 415.1 191.1 408.8 191.1 399.1V303.1zM271.1 303.1V399.1C271.1 408.8 279.2 415.1 287.1 415.1C296.8 415.1 304 408.8 304 399.1V303.1C304 295.1 296.8 287.1 287.1 287.1C279.2 287.1 271.1 295.1 271.1 303.1zM416 303.1C416 295.1 408.8 287.1 400 287.1C391.2 287.1 384 295.1 384 303.1V399.1C384 408.8 391.2 415.1 400 415.1C408.8 415.1 416 408.8 416 399.1V303.1z\"><\/path><\/svg><\/div><\/div><div class=\"uagb-ifb-separator\"><\/div><div class=\"uagb-ifb-title-wrap\"><h4 class=\"uagb-ifb-title\">Pedidos Flexibles<\/h4><\/div><p class=\"uagb-ifb-desc\">M\u00ednimos de pedido adaptados a sus necesidades, con opciones de<br>entrega semanal o quincenal.<\/p><\/div><\/div>\n<\/div>\n\n\n\n<div class=\"wp-block-uagb-container uagb-block-bc850537\">\n<div class=\"wp-block-uagb-info-box uagb-block-695d44ff uagb-infobox__content-wrap  uagb-infobox-icon-above-title uagb-infobox-image-valign-top\"><div class=\"uagb-ifb-content\"><div class=\"uagb-ifb-icon-wrap\"><div class=\"uagb-iconbox-icon-wrap uagb-infobox-shape-circle\"><svg xmlns=\"https:\/\/www.w3.org\/2000\/svg\" viewBox=\"0 0 640 512\"><path d=\"M512 160c44.18 0 80-35.82 80-80S556.2 0 512 0c-44.18 0-80 35.82-80 80S467.8 160 512 160zM128 160c44.18 0 80-35.82 80-80S172.2 0 128 0C83.82 0 48 35.82 48 80S83.82 160 128 160zM319.9 320c57.41 0 103.1-46.56 103.1-104c0-57.44-46.54-104-103.1-104c-57.41 0-103.1 46.56-103.1 104C215.9 273.4 262.5 320 319.9 320zM368 400c0-16.69 3.398-32.46 8.619-47.36C374.3 352.5 372.2 352 369.9 352H270.1C191.6 352 128 411.7 128 485.3C128 500.1 140.7 512 156.4 512h266.1C389.5 485.6 368 445.5 368 400zM183.9 216c0-5.449 .9824-10.63 1.609-15.91C174.6 194.1 162.6 192 149.9 192H88.08C39.44 192 0 233.8 0 285.3C0 295.6 7.887 304 17.62 304h199.5C196.7 280.2 183.9 249.7 183.9 216zM551.9 192h-61.84c-12.8 0-24.88 3.037-35.86 8.24C454.8 205.5 455.8 210.6 455.8 216c0 21.47-5.625 41.38-14.65 59.34C462.2 263.4 486.1 256 512 256c42.48 0 80.27 18.74 106.6 48h3.756C632.1 304 640 295.6 640 285.3C640 233.8 600.6 192 551.9 192zM618.1 366.7c-5.025-16.01-13.59-30.62-24.75-42.71c-1.674-1.861-4.467-2.326-6.699-1.023l-19.17 11.07c-8.096-6.887-17.4-12.28-27.45-15.82V295.1c0-2.514-1.861-4.746-4.281-5.213c-16.56-3.723-33.5-3.629-49.32 0C484.9 291.2 483.1 293.5 483.1 295.1v22.24c-10.05 3.537-19.36 8.932-27.45 15.82l-19.26-11.07c-2.139-1.303-4.932-.8379-6.697 1.023c-11.17 12.1-19.73 26.71-24.66 42.71c-.7441 2.512 .2793 5.117 2.42 6.326l19.17 11.17c-1.859 10.42-1.859 21.21 0 31.64l-19.17 11.17c-2.234 1.209-3.164 3.816-2.42 6.328c4.932 16.01 13.49 30.52 24.66 42.71c1.766 1.863 4.467 2.328 6.697 1.025l19.26-11.07c8.094 6.887 17.4 12.28 27.45 15.82v22.24c0 2.514 1.77 4.746 4.188 5.211c16.66 3.723 33.5 3.629 49.32 0c2.42-.4648 4.281-2.697 4.281-5.211v-22.24c10.05-3.535 19.36-8.932 27.45-15.82l19.17 11.07c2.141 1.303 5.025 .8379 6.699-1.025c11.17-12.1 19.73-26.7 24.75-42.71c.7441-2.512-.2773-5.119-2.512-6.328l-19.17-11.17c1.953-10.42 1.953-21.22 0-31.64l19.17-11.17C618.7 371.8 619.7 369.2 618.1 366.7zM512 432c-17.67 0-32-14.33-32-32c0-17.67 14.33-32 32-32s32 14.33 32 32C544 417.7 529.7 432 512 432z\"><\/path><\/svg><\/div><\/div><div class=\"uagb-ifb-separator\"><\/div><div class=\"uagb-ifb-title-wrap\"><h4 class=\"uagb-ifb-title\">Asesor\u00eda T\u00e9cnica<\/h4><\/div><p class=\"uagb-ifb-desc\">Especializado en manejo post cosecha y t\u00e9cnicas de<br>preservaci\u00f3n para maximizar la vida \u00fatil de tus rosas.<\/p><\/div><\/div>\n<\/div>\n<\/div><\/div>\n\n\n\n<h1 class=\"wp-block-heading has-text-align-center\" id=\"proceso\"><mark style=\"background-color:rgba(0, 0, 0, 0);color:#000000\" class=\"has-inline-color\">NUESTRO PROCESO DE SUMINISTRO<\/mark><\/h1>\n\n\n\n<p class=\"has-text-align-center\">Un sistema optimizado para garantizar la calidad y puntualidad en cada entrega.<\/p>\n\n\n\n<h2 class=\"wp-block-heading has-text-align-center\">Pasos del proceso<\/h2>\n\n\n\n<div class=\"wp-block-columns alignfull is-layout-flex wp-container-core-columns-is-layout-7c9548a8 wp-block-columns-is-layout-flex\" style=\"padding-top:0;padding-right:0;padding-bottom:0;padding-left:0\">\n<div class=\"wp-block-column is-layout-flow wp-block-column-is-layout-flow\">\n<div class=\"wp-block-cover is-light\"><img decoding=\"async\" class=\"wp-block-cover__image-background\" alt=\"Imagen de marcador de posici\u00f3n utilizada para representar un producto que se muestra en una secci\u00f3n a pantalla completa. 1 de 2.\" src=\"https:\/\/andesrepublicroses.com\/wp-content\/plugins\/woocommerce\/assets\/images\/pattern-placeholders\/plant-white-leaf-flower-vase-green.jpg\" style=\"object-position:54% 52%\" data-object-fit=\"cover\" data-object-position=\"54% 52%\"\/><span aria-hidden=\"true\" class=\"wp-block-cover__background has-background-dim-0 has-background-dim\"><\/span><div class=\"wp-block-cover__inner-container is-layout-flow wp-block-cover-is-layout-flow\">\n<p class=\"has-text-align-center has-large-font-size\"><\/p>\n<\/div><\/div>\n<\/div>\n\n\n\n<div class=\"wp-block-column is-vertically-aligned-center is-layout-constrained wp-container-core-column-is-layout-254f1302 wp-block-column-is-layout-constrained\" style=\"padding-top:0;padding-right:0;padding-bottom:0;padding-left:0\">\n<div class=\"wp-block-group alignfull is-layout-flow wp-block-group-is-layout-flow\" style=\"margin-top:var(--wp--preset--spacing--40);margin-bottom:var(--wp--preset--spacing--40);padding-top:0px;padding-right:60px;padding-bottom:0px;padding-left:60px\">\n<h2 class=\"wp-block-heading has-text-align-left has-large-font-size\"><strong>Cultivo Sostenible<\/strong><\/h2>\n\n\n\n<p style=\"margin-bottom:var(--wp--preset--spacing--40)\">Cultivamos nuestras rosas con t\u00e9cnicas sostenibles que respetan<br>el medio ambiente y garantizan calidad superior.<\/p>\n\n\n\n<p style=\"margin-bottom:var(--wp--preset--spacing--40)\"><\/p>\n<\/div>\n<\/div>\n<\/div>\n\n\n\n<div class=\"wp-block-columns alignfull is-layout-flex wp-container-core-columns-is-layout-7c9548a8 wp-block-columns-is-layout-flex\" style=\"padding-top:0;padding-right:0;padding-bottom:0;padding-left:0\">\n<div class=\"wp-block-column is-vertically-aligned-center is-layout-constrained wp-container-core-column-is-layout-254f1302 wp-block-column-is-layout-constrained\" style=\"padding-top:0;padding-right:0;padding-bottom:0;padding-left:0\">\n<div class=\"wp-block-group alignfull is-layout-flow wp-block-group-is-layout-flow\" style=\"margin-top:var(--wp--preset--spacing--40);margin-bottom:var(--wp--preset--spacing--40);padding-top:0px;padding-right:60px;padding-bottom:0px;padding-left:60px\">\n<h2 class=\"wp-block-heading has-text-align-left has-large-font-size\"><strong>Cosecha Especializada<\/strong><\/h2>\n\n\n\n<p style=\"margin-bottom:var(--wp--preset--spacing--40)\">Nuestro equipo experto cosecha cada rosa en su punto \u00f3ptimo de<br>maduraci\u00f3n para m\u00e1xima durabilidad.<\/p>\n\n\n\n<p style=\"margin-bottom:var(--wp--preset--spacing--40)\"><\/p>\n<\/div>\n<\/div>\n\n\n\n<div class=\"wp-block-column is-vertically-aligned-center is-layout-flow wp-block-column-is-layout-flow\">\n<div class=\"wp-block-cover is-light\"><img decoding=\"async\" class=\"wp-block-cover__image-background\" alt=\"Imagen de marcador de posici\u00f3n utilizada para representar un producto que se muestra en una secci\u00f3n a pantalla completa. 2 de 2.\" src=\"https:\/\/andesrepublicroses.com\/wp-content\/plugins\/woocommerce\/assets\/images\/pattern-placeholders\/table-wood-house-chair-floor-window.jpg\" style=\"object-position:33% 6%\" data-object-fit=\"cover\" data-object-position=\"33% 6%\"\/><span aria-hidden=\"true\" class=\"wp-block-cover__background has-background-dim-0 has-background-dim\"><\/span><div class=\"wp-block-cover__inner-container is-layout-flow wp-block-cover-is-layout-flow\">\n<p class=\"has-text-align-center has-large-font-size\"><\/p>\n<\/div><\/div>\n<\/div>\n<\/div>\n\n\n\n<div class=\"wp-block-columns alignfull is-layout-flex wp-container-core-columns-is-layout-7c9548a8 wp-block-columns-is-layout-flex\" style=\"padding-top:0;padding-right:0;padding-bottom:0;padding-left:0\">\n<div class=\"wp-block-column is-layout-flow wp-block-column-is-layout-flow\">\n<div class=\"wp-block-cover is-light\"><img decoding=\"async\" class=\"wp-block-cover__image-background\" alt=\"Imagen de marcador de posici\u00f3n utilizada para representar un producto que se muestra en una secci\u00f3n a pantalla completa. 1 de 2.\" src=\"https:\/\/andesrepublicroses.com\/wp-content\/plugins\/woocommerce\/assets\/images\/pattern-placeholders\/plant-white-leaf-flower-vase-green.jpg\" style=\"object-position:54% 52%\" data-object-fit=\"cover\" data-object-position=\"54% 52%\"\/><span aria-hidden=\"true\" class=\"wp-block-cover__background has-background-dim-0 has-background-dim\"><\/span><div class=\"wp-block-cover__inner-container is-layout-flow wp-block-cover-is-layout-flow\">\n<p class=\"has-text-align-center has-large-font-size\"><\/p>\n<\/div><\/div>\n<\/div>\n\n\n\n<div class=\"wp-block-column is-vertically-aligned-center is-layout-constrained wp-container-core-column-is-layout-254f1302 wp-block-column-is-layout-constrained\" style=\"padding-top:0;padding-right:0;padding-bottom:0;padding-left:0\">\n<div class=\"wp-block-group alignfull is-layout-flow wp-block-group-is-layout-flow\" style=\"margin-top:var(--wp--preset--spacing--40);margin-bottom:var(--wp--preset--spacing--40);padding-top:0px;padding-right:60px;padding-bottom:0px;padding-left:60px\">\n<h2 class=\"wp-block-heading has-text-align-left has-large-font-size\"><strong>Procesamiento y Control<\/strong><\/h2>\n\n\n\n<p style=\"margin-bottom:var(--wp--preset--spacing--40)\">Clasificaci\u00f3n, hidrataci\u00f3n y empaque en nuestras instalaciones con<br>temperatura controlada.<\/p>\n\n\n\n<p style=\"margin-bottom:var(--wp--preset--spacing--40)\"><\/p>\n<\/div>\n<\/div>\n<\/div>\n\n\n\n<div class=\"wp-block-columns alignfull is-layout-flex wp-container-core-columns-is-layout-7c9548a8 wp-block-columns-is-layout-flex\" style=\"padding-top:0;padding-right:0;padding-bottom:0;padding-left:0\">\n<div class=\"wp-block-column is-vertically-aligned-center is-layout-constrained wp-container-core-column-is-layout-254f1302 wp-block-column-is-layout-constrained\" style=\"padding-top:0;padding-right:0;padding-bottom:0;padding-left:0\">\n<div class=\"wp-block-group alignfull is-layout-flow wp-block-group-is-layout-flow\" style=\"margin-top:var(--wp--preset--spacing--40);margin-bottom:var(--wp--preset--spacing--40);padding-top:0px;padding-right:60px;padding-bottom:0px;padding-left:60px\">\n<h2 class=\"wp-block-heading has-text-align-left has-large-font-size\"><strong>Log\u00edstica Internacional<\/strong><\/h2>\n\n\n\n<p style=\"margin-bottom:var(--wp--preset--spacing--40)\">Coordinamos env\u00edos eficientes por v\u00eda a\u00e9rea con socios log\u00edsticos<br>de confianza a nivel mundial.<\/p>\n\n\n\n<p style=\"margin-bottom:var(--wp--preset--spacing--40)\"><\/p>\n<\/div>\n<\/div>\n\n\n\n<div class=\"wp-block-column is-vertically-aligned-center is-layout-flow wp-block-column-is-layout-flow\">\n<div class=\"wp-block-cover is-light\"><img decoding=\"async\" class=\"wp-block-cover__image-background\" alt=\"Imagen de marcador de posici\u00f3n utilizada para representar un producto que se muestra en una secci\u00f3n a pantalla completa. 2 de 2.\" src=\"https:\/\/andesrepublicroses.com\/wp-content\/plugins\/woocommerce\/assets\/images\/pattern-placeholders\/table-wood-house-chair-floor-window.jpg\" style=\"object-position:33% 6%\" data-object-fit=\"cover\" data-object-position=\"33% 6%\"\/><span aria-hidden=\"true\" class=\"wp-block-cover__background has-background-dim-0 has-background-dim\"><\/span><div class=\"wp-block-cover__inner-container is-layout-flow wp-block-cover-is-layout-flow\">\n<p class=\"has-text-align-center has-large-font-size\"><\/p>\n<\/div><\/div>\n<\/div>\n<\/div>\n\n\n\n<div class=\"wp-block-columns alignfull is-layout-flex wp-container-core-columns-is-layout-7c9548a8 wp-block-columns-is-layout-flex\" style=\"padding-top:0;padding-right:0;padding-bottom:0;padding-left:0\">\n<div class=\"wp-block-column is-layout-flow wp-block-column-is-layout-flow\">\n<div class=\"wp-block-cover is-light\"><img decoding=\"async\" class=\"wp-block-cover__image-background\" alt=\"Imagen de marcador de posici\u00f3n utilizada para representar un producto que se muestra en una secci\u00f3n a pantalla completa. 1 de 2.\" src=\"https:\/\/andesrepublicroses.com\/wp-content\/plugins\/woocommerce\/assets\/images\/pattern-placeholders\/plant-white-leaf-flower-vase-green.jpg\" style=\"object-position:54% 52%\" data-object-fit=\"cover\" data-object-position=\"54% 52%\"\/><span aria-hidden=\"true\" class=\"wp-block-cover__background has-background-dim-0 has-background-dim\"><\/span><div class=\"wp-block-cover__inner-container is-layout-flow wp-block-cover-is-layout-flow\">\n<p class=\"has-text-align-center has-large-font-size\"><\/p>\n<\/div><\/div>\n<\/div>\n\n\n\n<div class=\"wp-block-column is-vertically-aligned-center is-layout-constrained wp-container-core-column-is-layout-254f1302 wp-block-column-is-layout-constrained\" style=\"padding-top:0;padding-right:0;padding-bottom:0;padding-left:0\">\n<div class=\"wp-block-group alignfull is-layout-flow wp-block-group-is-layout-flow\" style=\"margin-top:var(--wp--preset--spacing--40);margin-bottom:var(--wp--preset--spacing--40);padding-top:0px;padding-right:60px;padding-bottom:0px;padding-left:60px\">\n<h2 class=\"wp-block-heading has-text-align-left has-large-font-size\"><strong>Entrega y Soporte<\/strong><\/h2>\n\n\n\n<p style=\"margin-bottom:var(--wp--preset--spacing--40)\">Entrega puntual a su puerta con seguimiento en tiempo real y soporte post-venta continuo<\/p>\n<\/div>\n<\/div>\n<\/div>\n\n\n\n<h2 class=\"wp-block-heading has-text-align-center\" style=\"margin-top:var(--wp--preset--spacing--60);margin-bottom:var(--wp--preset--spacing--60)\">Testimonios<\/h2>\n\n\n\n<hr class=\"wp-block-separator has-css-opacity is-style-default\"\/>\n\n\n\n<figure class=\"wp-block-image aligncenter size-large is-resized is-style-rounded\"><img decoding=\"async\" src=\"https:\/\/s.w.org\/images\/core\/5.8\/portrait.jpg\" alt=\"Perfil lateral de una mujer con un jersey de cuello alto de color rojizo y un bolso blanco. Mira hacia arriba con los ojos cerrados.\" style=\"width:150px;height:150px\"\/><\/figure>\n\n\n\n<blockquote class=\"wp-block-quote has-text-align-center is-style-large is-layout-flow wp-block-quote-is-layout-flow\">\n<p>\u00abComo cadena hotelera, exigimos calidad constante y puntualidad.<br>Andes Republic Roses ha sido nuestro proveedor confiable por m\u00e1s de<br>5 a\u00f1os.\u00bb<\/p>\n<cite>\u2014 Carlos Mendoza, Director de Compras, Grand Luxury Hotels.<\/cite><\/blockquote>\n\n\n\n<hr class=\"wp-block-separator has-css-opacity is-style-default\"\/>\n\n\n\n<figure class=\"wp-block-image aligncenter size-large is-resized is-style-rounded\"><img decoding=\"async\" src=\"https:\/\/s.w.org\/images\/core\/5.8\/portrait.jpg\" alt=\"Perfil lateral de una mujer con un jersey de cuello alto de color rojizo y un bolso blanco. Mira hacia arriba con los ojos cerrados.\" style=\"width:150px;height:150px\"\/><\/figure>\n\n\n\n<blockquote class=\"wp-block-quote has-text-align-center is-style-large is-layout-flow wp-block-quote-is-layout-flow\">\n<p>\u00abLa durabilidad de sus rosas es excepcional. Nuestros clientes<br>floristas siempre destacan la frescura y calidad del producto\u00bb<\/p>\n<cite>\u2014 Ana Luc\u00eda Torres, Mayorista Floral<\/cite><\/blockquote>\n\n\n\n<hr class=\"wp-block-separator has-css-opacity is-style-default\"\/>\n","protected":false},"excerpt":{"rendered":"<p>ANDES REPUBLIC ROSES \u00bfPorqu\u00e9 trabajar con nosotros? Como proveedor B2B, entendemos que su negocio necesita m\u00e1s que solo productos hermosos Nuestra ubicaci\u00f3n a 2700 metros sobre el nivel del mar, junto con la luz solar constante de Ecuador, nos permite cultivar flores que destacan por su belleza y durabilidad. Con una profunda conexi\u00f3n con la [&hellip;]<\/p>\n","protected":false},"author":1,"featured_media":0,"parent":0,"menu_order":0,"comment_status":"closed","ping_status":"closed","template":"","meta":{"_uag_custom_page_level_css":"","site-sidebar-layout":"no-sidebar","site-content-layout":"plain-container","ast-site-content-layout":"normal-width-container","site-content-style":"unboxed","site-sidebar-style":"unboxed","ast-global-header-display":"","ast-banner-title-visibility":"","ast-main-header-display":"","ast-hfb-above-header-display":"","ast-hfb-below-header-display":"","ast-hfb-mobile-header-display":"","site-post-title":"disabled","ast-breadcrumbs-content":"","ast-featured-img":"","footer-sml-layout":"","theme-transparent-header-meta":"","adv-header-id-meta":"","stick-header-meta":"","header-above-stick-meta":"","header-main-stick-meta":"","header-below-stick-meta":"","astra-migrate-meta-layouts":"set","ast-page-background-enabled":"default","ast-page-background-meta":{"desktop":{"background-color":"var(--ast-global-color-4)","background-image":"","background-repeat":"repeat","background-position":"center center","background-size":"auto","background-attachment":"scroll","background-type":"","background-media":"","overlay-type":"","overlay-color":"","overlay-opacity":"","overlay-gradient":""},"tablet":{"background-color":"","background-image":"","background-repeat":"repeat","background-position":"center center","background-size":"auto","background-attachment":"scroll","background-type":"","background-media":"","overlay-type":"","overlay-color":"","overlay-opacity":"","overlay-gradient":""},"mobile":{"background-color":"","background-image":"","background-repeat":"repeat","background-position":"center center","background-size":"auto","background-attachment":"scroll","background-type":"","background-media":"","overlay-type":"","overlay-color":"","overlay-opacity":"","overlay-gradient":""}},"ast-content-background-meta":{"desktop":{"background-color":"var(--ast-global-color-5)","background-image":"","background-repeat":"repeat","background-position":"center center","background-size":"auto","background-attachment":"scroll","background-type":"","background-media":"","overlay-type":"","overlay-color":"","overlay-opacity":"","overlay-gradient":""},"tablet":{"background-color":"var(--ast-global-color-5)","background-image":"","background-repeat":"repeat","background-position":"center center","background-size":"auto","background-attachment":"scroll","background-type":"","background-media":"","overlay-type":"","overlay-color":"","overlay-opacity":"","overlay-gradient":""},"mobile":{"background-color":"var(--ast-global-color-5)","background-image":"","background-repeat":"repeat","background-position":"center center","background-size":"auto","background-attachment":"scroll","background-type":"","background-media":"","overlay-type":"","overlay-color":"","overlay-opacity":"","overlay-gradient":""}},"footnotes":""},"class_list":["post-872","page","type-page","status-publish","hentry"],"uagb_featured_image_src":{"full":false,"thumbnail":false,"medium":false,"medium_large":false,"large":false,"1536x1536":false,"2048x2048":false,"trp-custom-language-flag":false,"woocommerce_thumbnail":false,"woocommerce_single":false,"woocommerce_gallery_thumbnail":false},"uagb_author_info":{"display_name":"fernando.balarezo@live.com","author_link":"https:\/\/andesrepublicroses.com\/es\/author\/fernando-balarezolive-com\/"},"uagb_comment_info":0,"uagb_excerpt":"ANDES REPUBLIC ROSES \u00bfPorqu\u00e9 trabajar con nosotros? Como proveedor B2B, entendemos que su negocio necesita m\u00e1s que solo productos hermosos Nuestra ubicaci\u00f3n a 2700 metros sobre el nivel del mar, junto con la luz solar constante de Ecuador, nos permite cultivar flores que destacan por su belleza y durabilidad. Con una profunda conexi\u00f3n con la&hellip;","_links":{"self":[{"href":"https:\/\/andesrepublicroses.com\/es\/wp-json\/wp\/v2\/pages\/872","targetHints":{"allow":["GET"]}}],"collection":[{"href":"https:\/\/andesrepublicroses.com\/es\/wp-json\/wp\/v2\/pages"}],"about":[{"href":"https:\/\/andesrepublicroses.com\/es\/wp-json\/wp\/v2\/types\/page"}],"author":[{"embeddable":true,"href":"https:\/\/andesrepublicroses.com\/es\/wp-json\/wp\/v2\/users\/1"}],"replies":[{"embeddable":true,"href":"https:\/\/andesrepublicroses.com\/es\/wp-json\/wp\/v2\/comments?post=872"}],"version-history":[{"count":9,"href":"https:\/\/andesrepublicroses.com\/es\/wp-json\/wp\/v2\/pages\/872\/revisions"}],"predecessor-version":[{"id":2371,"href":"https:\/\/andesrepublicroses.com\/es\/wp-json\/wp\/v2\/pages\/872\/revisions\/2371"}],"wp:attachment":[{"href":"https:\/\/andesrepublicroses.com\/es\/wp-json\/wp\/v2\/media?parent=872"}],"curies":[{"name":"wp","href":"https:\/\/api.w.org\/{rel}","templated":true}]}}