{"id":2219,"date":"2025-10-19T22:04:36","date_gmt":"2025-10-20T03:04:36","guid":{"rendered":"https:\/\/andesrepublicroses.com\/?post_type=product&#038;p=2219"},"modified":"2025-10-28T11:20:23","modified_gmt":"2025-10-28T16:20:23","slug":"100-gotcha","status":"publish","type":"product","link":"https:\/\/andesrepublicroses.com\/en\/product\/100-gotcha\/","title":{"rendered":"100 Gotcha"},"content":{"rendered":"<p>Vibrant variety with strong pink petals and a firm texture. Its tone conveys energy and youthfulness, making it an ideal choice for cheerful, contemporary arrangements.<\/p>","protected":false},"excerpt":{"rendered":"<p>Vibrant variety with strong pink petals and a firm texture. Its tone conveys energy and youthfulness, making it an ideal choice for cheerful, contemporary arrangements.<\/p>","protected":false},"featured_media":1857,"comment_status":"open","ping_status":"closed","template":"","meta":{"_uag_custom_page_level_css":"","site-sidebar-layout":"default","site-content-layout":"","ast-site-content-layout":"default","site-content-style":"default","site-sidebar-style":"default","ast-global-header-display":"","ast-banner-title-visibility":"","ast-main-header-display":"","ast-hfb-above-header-display":"","ast-hfb-below-header-display":"","ast-hfb-mobile-header-display":"","site-post-title":"","ast-breadcrumbs-content":"","ast-featured-img":"","footer-sml-layout":"","theme-transparent-header-meta":"default","adv-header-id-meta":"","stick-header-meta":"","header-above-stick-meta":"","header-main-stick-meta":"","header-below-stick-meta":"","astra-migrate-meta-layouts":"set","ast-page-background-enabled":"default","ast-page-background-meta":{"desktop":{"background-color":"var(--ast-global-color-4)","background-image":"","background-repeat":"repeat","background-position":"center center","background-size":"auto","background-attachment":"scroll","background-type":"","background-media":"","overlay-type":"","overlay-color":"","overlay-opacity":"","overlay-gradient":""},"tablet":{"background-color":"","background-image":"","background-repeat":"repeat","background-position":"center center","background-size":"auto","background-attachment":"scroll","background-type":"","background-media":"","overlay-type":"","overlay-color":"","overlay-opacity":"","overlay-gradient":""},"mobile":{"background-color":"","background-image":"","background-repeat":"repeat","background-position":"center center","background-size":"auto","background-attachment":"scroll","background-type":"","background-media":"","overlay-type":"","overlay-color":"","overlay-opacity":"","overlay-gradient":""}},"ast-content-background-meta":{"desktop":{"background-color":"var(--ast-global-color-5)","background-image":"","background-repeat":"repeat","background-position":"center center","background-size":"auto","background-attachment":"scroll","background-type":"","background-media":"","overlay-type":"","overlay-color":"","overlay-opacity":"","overlay-gradient":""},"tablet":{"background-color":"var(--ast-global-color-5)","background-image":"","background-repeat":"repeat","background-position":"center center","background-size":"auto","background-attachment":"scroll","background-type":"","background-media":"","overlay-type":"","overlay-color":"","overlay-opacity":"","overlay-gradient":""},"mobile":{"background-color":"var(--ast-global-color-5)","background-image":"","background-repeat":"repeat","background-position":"center center","background-size":"auto","background-attachment":"scroll","background-type":"","background-media":"","overlay-type":"","overlay-color":"","overlay-opacity":"","overlay-gradient":""}}},"product_brand":[],"product_cat":[48],"product_tag":[],"class_list":{"0":"post-2219","1":"product","2":"type-product","3":"status-publish","4":"has-post-thumbnail","6":"product_cat-color","7":"desktop-align-left","8":"tablet-align-left","9":"mobile-align-left","11":"first","12":"instock","13":"sale","14":"shipping-taxable","15":"purchasable","16":"product-type-variable"},"uagb_featured_image_src":{"full":["https:\/\/andesrepublicroses.com\/wp-content\/uploads\/2025\/10\/gotcha.png",413,337,false],"thumbnail":["https:\/\/andesrepublicroses.com\/wp-content\/uploads\/2025\/10\/gotcha-150x150.png",150,150,true],"medium":["https:\/\/andesrepublicroses.com\/wp-content\/uploads\/2025\/10\/gotcha-300x245.png",300,245,true],"medium_large":["https:\/\/andesrepublicroses.com\/wp-content\/uploads\/2025\/10\/gotcha.png",413,337,false],"large":["https:\/\/andesrepublicroses.com\/wp-content\/uploads\/2025\/10\/gotcha.png",413,337,false],"1536x1536":["https:\/\/andesrepublicroses.com\/wp-content\/uploads\/2025\/10\/gotcha.png",413,337,false],"2048x2048":["https:\/\/andesrepublicroses.com\/wp-content\/uploads\/2025\/10\/gotcha.png",413,337,false],"trp-custom-language-flag":["https:\/\/andesrepublicroses.com\/wp-content\/uploads\/2025\/10\/gotcha-15x12.png",15,12,true],"woocommerce_thumbnail":["https:\/\/andesrepublicroses.com\/wp-content\/uploads\/2025\/10\/gotcha-300x300.png",300,300,true],"woocommerce_single":["https:\/\/andesrepublicroses.com\/wp-content\/uploads\/2025\/10\/gotcha.png",413,337,false],"woocommerce_gallery_thumbnail":["https:\/\/andesrepublicroses.com\/wp-content\/uploads\/2025\/10\/gotcha-100x100.png",100,100,true]},"uagb_author_info":{"display_name":"fernando.balarezo@live.com","author_link":"https:\/\/andesrepublicroses.com\/en\/author\/"},"uagb_comment_info":0,"uagb_excerpt":"Variedad vibrante con p\u00e9talos color rosa fuerte y una textura firme. Su tono transmite energ\u00eda y juventud, convirti\u00e9ndola en una opci\u00f3n ideal para arreglos alegres y contempor\u00e1neos.","_links":{"self":[{"href":"https:\/\/andesrepublicroses.com\/en\/wp-json\/wp\/v2\/product\/2219","targetHints":{"allow":["GET"]}}],"collection":[{"href":"https:\/\/andesrepublicroses.com\/en\/wp-json\/wp\/v2\/product"}],"about":[{"href":"https:\/\/andesrepublicroses.com\/en\/wp-json\/wp\/v2\/types\/product"}],"replies":[{"embeddable":true,"href":"https:\/\/andesrepublicroses.com\/en\/wp-json\/wp\/v2\/comments?post=2219"}],"wp:featuredmedia":[{"embeddable":true,"href":"https:\/\/andesrepublicroses.com\/en\/wp-json\/wp\/v2\/media\/1857"}],"wp:attachment":[{"href":"https:\/\/andesrepublicroses.com\/en\/wp-json\/wp\/v2\/media?parent=2219"}],"wp:term":[{"taxonomy":"product_brand","embeddable":true,"href":"https:\/\/andesrepublicroses.com\/en\/wp-json\/wp\/v2\/product_brand?post=2219"},{"taxonomy":"product_cat","embeddable":true,"href":"https:\/\/andesrepublicroses.com\/en\/wp-json\/wp\/v2\/product_cat?post=2219"},{"taxonomy":"product_tag","embeddable":true,"href":"https:\/\/andesrepublicroses.com\/en\/wp-json\/wp\/v2\/product_tag?post=2219"}],"curies":[{"name":"wp","href":"https:\/\/api.w.org\/{rel}","templated":true}]}}